{"id":343,"date":"2020-11-27T19:13:58","date_gmt":"2020-11-27T19:13:58","guid":{"rendered":"https:\/\/interact.atomki.hu\/celkituzesunk\/"},"modified":"2021-04-28T17:14:18","modified_gmt":"2021-04-28T17:14:18","slug":"objectives","status":"publish","type":"page","link":"https:\/\/interact.atomki.hu\/en\/objectives\/","title":{"rendered":"Objectives"},"content":{"rendered":"<div class=\"wpb-content-wrapper\"><p>[vc_row][vc_column][vc_custom_heading source=&#8221;post_title&#8221; font_container=&#8221;tag:h3|text_align:left&#8221; use_theme_fonts=&#8221;yes&#8221;][vc_text_separator title=&#8221;INTERACT CENTER&#8221; title_align=&#8221;separator_align_left&#8221; color=&#8221;custom&#8221; style=&#8221;dotted&#8221; border_width=&#8221;2&#8243; css_animation=&#8221;right-to-left&#8221; accent_color=&#8221;#dc343b&#8221;][\/vc_column][\/vc_row][vc_row][vc_column][vc_column_text]<span style=\"color: #000000;\"><strong>Based on the scientific background and professional staff together with the equipment development and manufacturing experience of the Isotoptech Zrt., a knowledge transfer centre promptly adapting to the worldwide rapidly expanding AMS C-14 analytical demands may be established, which is able to serve the recent research approaches and the demands of the market.<\/strong><\/span>[\/vc_column_text][\/vc_column][\/vc_row][vc_row][vc_column width=&#8221;1\/4&#8243;][\/vc_column][vc_column width=&#8221;1\/4&#8243;]<div class=\"counter counter_vertical animate-math\"><div class=\"icon_wrapper\"><i class=\"icon-cog-line\" style=\"color:#dc343b;\" aria-hidden=\"true\"><\/i><\/div><div class=\"desc_wrapper\"><div class=\"number-wrapper\"><span class=\"number\" data-to=\"2\"  >2<\/span><\/div><p class=\"title \"><b>Purchase of new equipment<\/b><\/p><\/div><\/div>\n[\/vc_column][vc_column width=&#8221;1\/4&#8243;]<div class=\"counter counter_vertical animate-math\"><div class=\"icon_wrapper\"><i class=\"icon-graduation-cap\" style=\"color:#dc343b;\" aria-hidden=\"true\"><\/i><\/div><div class=\"desc_wrapper\"><div class=\"number-wrapper\"><span class=\"number\" data-to=\"5\"  >5<\/span><\/div><p class=\"title \"><b>Obtaining a doctoral degree<\/b><\/p><\/div><\/div>\n[\/vc_column][vc_column width=&#8221;1\/4&#8243;][\/vc_column][\/vc_row][vc_row][vc_column width=&#8221;1\/4&#8243;][\/vc_column][vc_column width=&#8221;1\/4&#8243;]<div class=\"counter counter_vertical animate-math\"><div class=\"icon_wrapper\"><i class=\"icon-doc-line\" style=\"color:#dc343b;\" aria-hidden=\"true\"><\/i><\/div><div class=\"desc_wrapper\"><div class=\"number-wrapper\"><span class=\"number\" data-to=\"2\"  >2<\/span><\/div><p class=\"title \"><b>Publications<\/b><\/p><\/div><\/div>\n[\/vc_column][vc_column width=&#8221;1\/4&#8243;]<div class=\"counter counter_vertical animate-math\"><div class=\"icon_wrapper\"><i class=\"icon-beaker-line\" style=\"color:#dc343b;\" aria-hidden=\"true\"><\/i><\/div><div class=\"desc_wrapper\"><div class=\"number-wrapper\"><span class=\"number\" data-to=\"3\"  >3<\/span><\/div><p class=\"title \"><b>Develop and market new sample preparation devices<\/b><\/p><\/div><\/div>\n[\/vc_column][vc_column width=&#8221;1\/4&#8243;][\/vc_column][\/vc_row][vc_row][vc_column][vc_column_text]The establishment of an internationally competitive AMS C-14 competence centre:<br \/>\n<span style=\"color: #000000;\"><strong>INTERNATIONAL RADIOCARBON AMS COMPETENCE AND TRAINING CENTER<\/strong><\/span>[\/vc_column_text][\/vc_column][\/vc_row][vc_row][vc_column][vc_separator][vc_column_text]<\/p>\n<h4>Related document<\/h4>\n<p class=\"p2\"><a href=\"https:\/\/interact.atomki.hu\/wp-content\/uploads\/sites\/12\/2021\/03\/INTERACT_ISOTOPTECH_GINOP_nyito_Dr_Janovics_Robert_eloadasa.pdf\" target=\"_blank\" rel=\"noopener noreferrer\">AZ INTERACT PROJEKTC\u00c9LJAI \u00c9S V\u00c1RHAT\u00d3 EREDM\u00c9NYEI &#8211;<span class=\"s1\"><span class=\"Apple-converted-space\">\u00a0<\/span><\/span>Dr. Janovics R\u00f3bert projektmenedzser a GINOP projekt nyit\u00f3rendezv\u00e9ny\u00e9n<\/a><\/p>\n<p>[\/vc_column_text][\/vc_column][\/vc_row]<\/p>\n<\/div>","protected":false},"excerpt":{"rendered":"<p>[vc_row][vc_column][vc_custom_heading source=&#8221;post_title&#8221; font_container=&#8221;tag:h3|text_align:left&#8221; use_theme_fonts=&#8221;yes&#8221;][vc_text_separator title=&#8221;INTERACT CENTER&#8221; title_align=&#8221;separator_align_left&#8221; color=&#8221;custom&#8221; style=&#8221;dotted&#8221; border_width=&#8221;2&#8243; css_animation=&#8221;right-to-left&#8221; accent_color=&#8221;#dc343b&#8221;][\/vc_column][\/vc_row][vc_row][vc_column][vc_column_text]Based on the scientific background and professional staff together with the equipment development and manufacturing<span class=\"excerpt-hellip\"> [\u2026]<\/span><\/p>\n","protected":false},"author":1,"featured_media":927,"parent":0,"menu_order":0,"comment_status":"closed","ping_status":"closed","template":"","meta":{"inline_featured_image":false,"footnotes":""},"class_list":["post-343","page","type-page","status-publish","has-post-thumbnail","hentry"],"_links":{"self":[{"href":"https:\/\/interact.atomki.hu\/en\/wp-json\/wp\/v2\/pages\/343","targetHints":{"allow":["GET"]}}],"collection":[{"href":"https:\/\/interact.atomki.hu\/en\/wp-json\/wp\/v2\/pages"}],"about":[{"href":"https:\/\/interact.atomki.hu\/en\/wp-json\/wp\/v2\/types\/page"}],"author":[{"embeddable":true,"href":"https:\/\/interact.atomki.hu\/en\/wp-json\/wp\/v2\/users\/1"}],"replies":[{"embeddable":true,"href":"https:\/\/interact.atomki.hu\/en\/wp-json\/wp\/v2\/comments?post=343"}],"version-history":[{"count":13,"href":"https:\/\/interact.atomki.hu\/en\/wp-json\/wp\/v2\/pages\/343\/revisions"}],"predecessor-version":[{"id":1097,"href":"https:\/\/interact.atomki.hu\/en\/wp-json\/wp\/v2\/pages\/343\/revisions\/1097"}],"wp:featuredmedia":[{"embeddable":true,"href":"https:\/\/interact.atomki.hu\/en\/wp-json\/wp\/v2\/media\/927"}],"wp:attachment":[{"href":"https:\/\/interact.atomki.hu\/en\/wp-json\/wp\/v2\/media?parent=343"}],"curies":[{"name":"wp","href":"https:\/\/api.w.org\/{rel}","templated":true}]}}